{"id":1465,"date":"2024-08-28T15:28:37","date_gmt":"2024-08-28T13:28:37","guid":{"rendered":"https:\/\/tss.black\/polityka-prywatnosci\/"},"modified":"2024-08-28T15:29:21","modified_gmt":"2024-08-28T13:29:21","slug":"polityka-prywatnosci","status":"publish","type":"page","link":"https:\/\/tss.black\/pl\/polityka-prywatnosci\/","title":{"rendered":"POLITYKA PRYWATNO\u015aCI"},"content":{"rendered":"<p>Poni\u017csza Polityka Prywatno\u015bci opisuje kwestie zwi\u0105zane z korzystaniem z portalu <a href=\"https:\/\/tss.black\/pl\/\">https:\/\/tss.black\/<\/a> (dalej jako: \u201ePortal\u201d).<\/p>\n<p>Naszym celem jest zapewnienie Pa\u0144stwu poczucia bezpiecze\u0144stwa na naszym Portalu, dlatego te\u017c Pa\u0144stwa prywatno\u015b\u0107 i ochrona danych osobowych s\u0105 dla nas bardzo wa\u017cne. Prosimy o staranne zapoznanie si\u0119 z poni\u017cszym podsumowaniem, z kt\u00f3rego dowiedz\u0105 si\u0119 Pa\u0144stwo w jaki spos\u00f3b dzia\u0142a nasz Portal. Zapewniamy, \u017ce Pa\u0144stwa dane b\u0119d\u0105 przetwarzane w spos\u00f3b przejrzysty i uczciwy, oraz \u017ce do\u0142o\u017cymy wszelkich stara\u0144, aby by\u0142y traktowane z zachowaniem ostro\u017cno\u015bci i odpowiedzialnie.<\/p>\n<p>Poni\u017csza Polityka prywatno\u015bci ma na celu poinformowanie o sposobie wykorzystywania przez nas Pa\u0144stwa danych osobowych, wzgl\u0119dem kt\u00f3rych spe\u0142niamy wszystkie wymogi Rozporz\u0105dzenia Parlamentu Europejskiego i Rady (UE) 2016\/679 UE z dnia 27 kwietnia 2016 r. (dalej jako: \u201eRODO\u201d).<\/p>\n<p>&nbsp;<\/p>\n<p><strong>1. Dane Administratora<\/strong><\/p>\n<p>Administratorem Pa\u0144stwa danych osobowych w rozumieniu RODO, jest Trusted Software Services sp. z o.o. z siedzib\u0105 w Warszawie (00-876) przy ul. Ogrodowej 58, KRS: 0000797269 (dalej jako: \u201eAdministrator\u201d). W sprawach dotycz\u0105cych ochrony danych osobowych mo\u017cna si\u0119 skontaktowa\u0107 z Administratorem tak\u017ce za po\u015brednictwem adresu e-mail: <a href=\"mailto:administration@tss.black\">administration@tss.black<\/a><\/p>\n<p><strong>2. Cele i podstawy prawne przetwarzania danych<\/strong><\/p>\n<p>Pa\u0144stwa dane osobowe mog\u0105 by\u0107 przetwarzane przez Administratora na podstawie:<\/p>\n<p>a) niezb\u0119dno\u015bci do wykonania umowy lub do podj\u0119cia dzia\u0142a\u0144 przed jej zawarciem (art. 6 ust. 1 lit. b RODO), odr\u0119bnie dla celu:<br \/>\n(i)\u00a0 \u00a0 \u00a0 \u015bwiadczenia us\u0142ugi newsletter;<br \/>\n(ii)\u00a0 \u00a0 \u00a0korzystania z formularzy zg\u0142oszenia na szkolenie;<br \/>\n(iii)\u00a0 \u00a0 umo\u017cliwienia dost\u0119pu do materia\u0142\u00f3w zwi\u0105zanych z tematyk\u0105 poruszan\u0105 na Portalu;<\/p>\n<p>b) zgody (art. 6 ust. 1 lit. a RODO), w celu prowadzenia marketingu podmiot\u00f3w wsp\u00f3\u0142pracuj\u0105cych z Administratorem;<\/p>\n<p>c) prawnie uzasadnionego interesu Administratora (art. 6 ust. 1 lit. f RODO), odr\u0119bnie dla celu:<br \/>\n(i)\u00a0 \u00a0 \u00a0marketingu produkt\u00f3w i us\u0142ug w\u0142asnych Administratora, w tym w celach analitycznych i profilowania, gdzie uzasadnionym interesem Administratora jest prowadzenie marketingu bezpo\u015bredniego w\u0142asnych produkt\u00f3w i us\u0142ug. Profilowanie danych ma na celu przygotowanie oferty produkt\u00f3w TSS uwzgl\u0119dniaj\u0105cej preferencje u\u017cytkownik\u00f3w Portalu, jak r\u00f3wnie\u017c \u015bwiadczenie us\u0142ug elektronicznych w postaci newslettera;<br \/>\n(ii)\u00a0 \u00a0 korzystania z formularzy kontaktowych udost\u0119pnionych przez Administratora na Portalu, gdzie uzasadnionym interesem administratora jest opieka nad u\u017cytkownikami Portalu oraz udzielanie odpowiedzi na zadane pytania;<br \/>\n(iii)\u00a0 \u00a0 obrony przed ewentualnymi roszczeniami, gdzie uzasadnionym interesem Administratora jest dochodzenie lub obrona roszcze\u0144.<\/p>\n<p><strong>3. Przekazywanie danych osobowych<\/strong><\/p>\n<p>Dane mog\u0105 by\u0107 przekazane podmiotom przetwarzaj\u0105cym je na nasze zlecenie na podstawie um\u00f3w zawartych z Administratorem, ale tylko w celu i zakresie niezb\u0119dnym dla realizacji ww. cel\u00f3w, w tym m.in. podmiotom \u015bwiadcz\u0105cym na nasz\u0105 rzecz us\u0142ugi ksi\u0119gowe oraz us\u0142ugi IT lub inne us\u0142ugi zapewniaj\u0105ce prawid\u0142owe funkcjonowanie Portalu, przy czym takie podmioty przetwarzaj\u0105 dane wy\u0142\u0105cznie zgodnie z poleceniami Administratora.<\/p>\n<p>Przekazujemy Pa\u0144stwa dane wy\u0142\u0105cznie podmiotom umiejscowionym w ramach Europejskiego Obszaru Gospodarczego i przez to podlegaj\u0105cym przepisom unijnym o ochronie danych, lub takim, kt\u00f3re wi\u0105\u017ce odpowiedni standard bezpiecze\u0144stwa. Przekazywanie danych do kraj\u00f3w trzecich nie jest aktualnie przez nas praktykowane lub planowane.<\/p>\n<p><strong>4. Okres przechowywania danych osobowych<\/strong><\/p>\n<p>Przetwarzamy Pa\u0144stwa dane osobowe jedynie przez okres niezb\u0119dny do spe\u0142nienia celu ich przechowywania lub dop\u00f3ki jest to od nas wymagane zgodnie z prawem, w szczeg\u00f3lno\u015bci do momentu przedawnienia ewentualnych roszcze\u0144 lub wyga\u015bni\u0119cia obowi\u0105zku archiwizacji wynikaj\u0105cego z przepis\u00f3w prawa, w tym obowi\u0105zku dotycz\u0105cego przechowywania dokument\u00f3w ksi\u0119gowych.<\/p>\n<p>W przypadku przetwarzania danych osobowych w celu \u015bwiadczenia us\u0142ugi newsletter, korzystania z formularzy zg\u0142oszenia na szkolenie oraz umo\u017cliwienia dost\u0119pu do materia\u0142\u00f3w zwi\u0105zanych z tematyk\u0105 poruszan\u0105 na Portalu, Pa\u0144stwa dane osobowe b\u0119d\u0105 przetwarzane przez okres niezb\u0119dny do \u015bwiadczenia tej us\u0142ugi, do czasu rezygnacji z niej przez Pa\u0144stwa.<\/p>\n<p>W razie przetwarzania danych osobowych w oparciu o wyra\u017con\u0105 przez Pa\u0144stwa zgod\u0119, Pa\u0144stwa dane b\u0119d\u0105 przechowywane do momentu jej wycofania. W ka\u017cdej chwili istnieje mo\u017cliwo\u015b\u0107 wycofania zg\u00f3d wyra\u017conych w serwisie, w tym zgody na przetwarzanie danych w celach marketingowych podmiot\u00f3w wsp\u00f3\u0142pracuj\u0105cych z Administratorem. Odwo\u0142anie zgody na przetwarzanie nie b\u0119dzie mia\u0142o wp\u0142ywu na zgodno\u015b\u0107 z prawem przetwarzania, kt\u00f3rego dokonano przed jej wycofaniem.<\/p>\n<p>W przypadku przetwarzania Pa\u0144stwa danych na podstawie prawnie uzasadnionego interesu administratora, Administrator przestanie wcze\u015bniej przetwarza\u0107 dane je\u017celi zg\u0142osi Pani\/Pan skutecznie sprzeciw wobec przetwarzania danych.<\/p>\n<p><strong>5. Przys\u0142uguj\u0105ce prawa<\/strong><\/p>\n<p><em>Prawo dost\u0119pu do danych<\/em><br \/>\nMaj\u0105 Pa\u0144stwo prawo uzyska\u0107 informacj\u0119 odno\u015bnie przechowywanych przez nas danych osobowych na Pa\u0144stwa temat, w tym kopi\u0119 tych danych.<\/p>\n<p><em>Prawo do sprostowania danych<\/em><br \/>\nMaj\u0105 Pa\u0144stwo prawo \u017c\u0105dania sprostowania Pa\u0144stwa danych osobowych, kt\u00f3re s\u0105 nieprawid\u0142owe. Z uwzgl\u0119dnieniem cel\u00f3w przetwarzania maj\u0105 Pa\u0144stwo prawo \u017c\u0105dania uzupe\u0142nienia niekompletnych danych osobowych, w tym poprzez przedstawienie dodatkowego o\u015bwiadczenia.<\/p>\n<p><em>Prawo do usuni\u0119cia danych<\/em><br \/>\nMaj\u0105 Pa\u0144stwo prawo domaga\u0107 si\u0119 usuni\u0119cia Pa\u0144stwa danych osobowych przechowywanych przez nas w nast\u0119puj\u0105cych przypadkach:<\/p>\n<p>a) Pa\u0144stwa dane osobowe nie s\u0105 ju\u017c niezb\u0119dne do cel\u00f3w, w kt\u00f3rych zosta\u0142y zebrane,<br \/>\nb) cofn\u0119li\u015bcie Pa\u0144stwo zgod\u0119 , na kt\u00f3rej opiera si\u0119 przetwarzanie i nie ma innej podstawy prawnej<br \/>\nprzetwarzania,<br \/>\nc) wnie\u015bli\u015bcie Pa\u0144stwo sprzeciw wobec przetwarzania i nie wyst\u0119puj\u0105 nadrz\u0119dne prawnie uzasadnione<br \/>\npodstawy przetwarzania lub sprzeciw dotyczy przetwarzania danych w celach marketingu<br \/>\nbezpo\u015bredniego,<br \/>\nd) dane osobowe by\u0142y przetwarzane niezgodnie z prawem,<br \/>\ne) dane osobowe musz\u0105 zosta\u0107 usuni\u0119te w celu wywi\u0105zania si\u0119 z obowi\u0105zku prawnego przewidzianego w<br \/>\nprawie Unii lub prawie krajowym,<br \/>\nf) dane osobowe zosta\u0142y zebrane w zwi\u0105zku z oferowaniem us\u0142ug spo\u0142ecze\u0144stwa informacyjnego, o kt\u00f3rych<br \/>\nmowa w art. 8 ust. 1 RODO.<\/p>\n<p><em>Prawo do przenoszenia danych<\/em><br \/>\nMaj\u0105 Pa\u0144stwo prawo otrzyma\u0107 w ustrukturyzowanym, powszechnie u\u017cywanym formacie nadaj\u0105cym si\u0119 do odczytu maszynowego dane osobowe dotycz\u0105ce Pa\u0144stwa, kt\u00f3re nam dostarczyli\u015bcie, je\u017celi przetwarzanie tych danych odbywa si\u0119 na podstawie zgody lub umowy oraz w spos\u00f3b zautomatyzowany.<br \/>\nJe\u017celi domagaj\u0105 si\u0119 Pa\u0144stwo przes\u0142ania tych danych do innego administratora danych, zostanie to zrealizowane, o ile istnieje taka mo\u017cliwo\u015b\u0107 techniczna.<\/p>\n<p><em>Prawo ograniczenia przetwarzania danych<\/em><br \/>\nMaj\u0105 Pa\u0144stwo prawo za\u017c\u0105da\u0107, aby przetwarzanie Pa\u0144stwa danych osobowych zosta\u0142o ograniczone, w nast\u0119puj\u0105cych przypadkach:<br \/>\na) kwestionuj\u0105 Pa\u0144stwo prawid\u0142owo\u015b\u0107 danych osobowych \u2013 na okres pozwalaj\u0105cy nam sprawdzi\u0107 prawid\u0142owo\u015b\u0107 tych danych,<br \/>\nb) przetwarzanie jest niezgodne z prawem, a Pa\u0144stwo sprzeciwiacie si\u0119 usuni\u0119ciu danych osobowych, \u017c\u0105daj\u0105c w zamian ograniczenia ich wykorzystywania,<br \/>\nc) nie potrzebujemy ju\u017c danych osobowych do cel\u00f3w przetwarzania, ale s\u0105 one Pa\u0144stwu potrzebne do ustalenia, dochodzenia lub obrony roszcze\u0144,<br \/>\nd) wnie\u015bli\u015bcie Pa\u0144stwo sprzeciw na mocy art. 21 ust. 1 RODO wobec przetwarzania \u2013 do czasu stwierdzenia, czy prawnie uzasadnione podstawy po stronie administratora s\u0105 nadrz\u0119dne wobec podstaw sprzeciwu.<\/p>\n<p><em>Prawo do wniesienia sprzeciwu wobec przetwarzania<\/em><br \/>\nJe\u017celi Pa\u0144stwa dane osobowe s\u0105 przetwarzane na podstawie prawnie uzasadnionego interesu administratora, maj\u0105 Pa\u0144stwo prawo do sprzeciwu w dowolnym czasie wobec przetwarzania, zgodnie z art. 21 RODO.<\/p>\n<p><em>Prawo do wycofania zgody<\/em><br \/>\nMaj\u0105 Pa\u0144stwo prawo do wycofania wyra\u017conej zgody na przetwarzanie danych osobowych w dowolnej chwili. Odwo\u0142anie zgody na przetwarzanie nie b\u0119dzie mia\u0142o wp\u0142ywu na zgodno\u015b\u0107 z prawem przetwarzania, kt\u00f3rego dokonano przed jej wycofaniem.<\/p>\n<p>Je\u015bli chc\u0105 Pa\u0144stwo skorzysta\u0107 z przys\u0142uguj\u0105cych Pa\u0144stwu praw prosimy o przes\u0142anie do nas wiadomo\u015bci na adres: <a href=\"mailto:administration@tss.black\">administration@tss.black<\/a>, lub poczt\u0105 tradycyjn\u0105 na adres: jest Trusted Software Services sp. z o.o., ul. Ogrodowa 58, 00-876 Warszawa. Bezpiecze\u0144stwo danych osobowych jest dla nas priorytetem, je\u015bli jednak uznaj\u0105 Pa\u0144stwo, \u017ce przetwarzaj\u0105c Pa\u0144stwu dane osobowe naruszamy przepisy RODO, maj\u0105 Pa\u0144stwo prawo wniesienia skargi do Prezesa Urz\u0119du Ochrony Danych Osobowych.<\/p>\n<p><strong>6. Pliki cookies<\/strong><\/p>\n<p><strong>Czym s\u0105 pliki cookies i do czego s\u0142u\u017c\u0105?<\/strong><\/p>\n<p>Pliki cookies to niewielkie pliki tekstowe, kt\u00f3re s\u0105 zapisywane na Twoim urz\u0105dzeniu, gdy odwiedzasz Portal. Pliki te s\u0105 przesy\u0142ane przez serwis internetowy do przegl\u0105darki. Ka\u017cdy plik cookie posiada anonimowy identyfikator i pozwala zidentyfikowa\u0107 urz\u0105dzenie, w kt\u00f3rego pami\u0119ci zosta\u0142 zapisany przez okre\u015blony czas (czas, po kt\u00f3rym dany plik cookie zostanie usuni\u0119ty). Pliki cookies s\u0105 zapisywane w celu rozpoznania Twojego urz\u0105dzenia, poznania Twoich preferencji, a tak\u017ce zbierania informacji na temat Twoich wcze\u015bniejszych dzia\u0142a\u0144 na Portalu.<\/p>\n<p><strong>Jakich plik\u00f3w cookies u\u017cywamy?<\/strong><\/p>\n<p>Mo\u017cemy u\u017cywa\u0107 nast\u0119puj\u0105cych rodzaj\u00f3w plik\u00f3w cookies:<br \/>\na) <strong>Sesyjne pliki cookies<\/strong> \u2013 s\u0105 to informacje przechowywane w pami\u0119ci przegl\u0105darki do momentu zako\u0144czenia sesji przegl\u0105darki, czyli do momentu jej zamkni\u0119cia. Te pliki cookies s\u0105 konieczne, aby niekt\u00f3re funkcjonalno\u015bci Portalu dzia\u0142a\u0142y poprawnie.<br \/>\nb)<strong> Sta\u0142e pliki cookies<\/strong> \u2013 dzi\u0119ki nim korzystanie z Portalu jest \u0142atwiejsze (np. zapami\u0119tuj\u0105 wybran\u0105 rozdzielczo\u015b\u0107, uk\u0142ad tre\u015bci). Mog\u0105 by\u0107 wykorzystywane do r\u00f3\u017cnych cel\u00f3w, w tym do zapami\u0119tywania Twoich preferencji i wybor\u00f3w podczas korzystania ze strony internetowej. Te pliki cookies pozostaj\u0105 w pami\u0119ci przegl\u0105darki przez d\u0142u\u017cszy okres.<br \/>\nc) <strong>W\u0142asne pliki cookies (first party cookies)<\/strong> \u2013 s\u0105 zapisywane przez obecnie przegl\u0105dan\u0105 stron\u0119 internetow\u0105. S\u0142u\u017c\u0105 poprawie jako\u015bci korzystania z Portalu.<br \/>\nd) <strong>Pliki cookies stron trzecich (third party cookies)<\/strong> \u2013 s\u0105 wykorzystywane przez strony trzecie, jak np. portale spo\u0142eczno\u015bciowe, w celu \u015bledzenia Twoich wizyt na r\u00f3\u017cnych stronach internetowych, na kt\u00f3rych zamieszczaj\u0105 reklamy.<\/p>\n<p>Pliki cookies u\u017cywane przez Portal mo\u017cna podzieli\u0107 na nast\u0119puj\u0105ce kategorie:<br \/>\na) Pliki cookies konieczne;<br \/>\nb) Pliki cookies wydajno\u015bci;<br \/>\nc) Pliki cookies funkcjonalne;<\/p>\n<p><em>Pliki cookies konieczne: Zawsze Aktywne<\/em><br \/>\nBez tych plik\u00f3w nie mo\u017cna porusza\u0107 si\u0119 po witrynie ani korzysta\u0107 z jej funkcji. Twoje dane przetwarzamy w oparciu o art. 6 ust. 1 lit. f RODO. Mo\u017cesz wyrazi\u0107 sprzeciw wobec takiego przetwarzania Twoich danych osobowych, lecz w praktyce uniemo\u017cliwi to korzystanie z naszej strony internetowej b\u0105d\u017a znacznie to utrudni.<\/p>\n<p><em>Pliki cookies wydajno\u015bci: (checkbox do zaznaczenia):<\/em><br \/>\nPliki z tej kategorii gromadz\u0105 informacje, kt\u00f3re m\u00f3wi\u0105, w jaki spos\u00f3b odwiedzaj\u0105cy korzystaj\u0105 z witryny, np. dane podstron, kt\u00f3re s\u0105 odwiedzane najcz\u0119\u015bciej. Pliki te s\u0105 wykorzystywane po to, aby usprawni\u0107 dzia\u0142anie strony. Pliki te mog\u0105 zosta\u0107 uruchomione tylko za Twoj\u0105 zgod\u0105, wyra\u017con\u0105 poprzez klikni\u0119cie w odpowiednie pole wyboru (checkbox), kt\u00f3re pojawi si\u0119 po otwarciu strony gdpr.pl Swoj\u0105 zgod\u0119 mo\u017cesz wycofa\u0107 w ka\u017cdej chwili.<\/p>\n<p><em>Funkcjonalne Pliki cookies: (checkbox do zaznaczenia):<\/em><br \/>\nW plikach tego typu zapisywane s\u0105 informacje o Twoich wyborach, dzi\u0119ki kt\u00f3rym mo\u017cemy zaproponowa\u0107 ulepszone i spersonalizowane funkcje. Na przyk\u0142ad w plikach cookie tego typu mog\u0105 by\u0107 przechowywane informacje na temat numer\u00f3w \u015bledzenia wpisywanych w aplikacjach. Pliki te mog\u0105 zosta\u0107 uruchomione tylko za Twoj\u0105 zgod\u0105, wyra\u017con\u0105 poprzez klikni\u0119cie w odpowiednie pole wyboru (checkbox), kt\u00f3re pojawi si\u0119 po otwarciu strony gdpr.pl. Swoj\u0105 zgod\u0119 mo\u017cesz wycofa\u0107 w ka\u017cdej chwili.<\/p>\n<p><strong>Jak d\u0142ugo przechowujemy pliki cookies?<\/strong><\/p>\n<p>Sesyjne pliki cookies pozostaj\u0105 na Twoim urz\u0105dzeniu do momentu opuszczenia przez Ciebie Portalu lub wy\u0142\u0105czenia oprogramowania (przegl\u0105darki internetowej).<\/p>\n<p>Sta\u0142e pliki cookies b\u0119d\u0105 przechowywane na Twoim urz\u0105dzeniu maksymalnie przez okres 12 miesi\u0119cy lub do czasu wycofania przez Ciebie zgody.<\/p>\n<p><strong>Jak zarz\u0105dza\u0107 plikami cookies?<\/strong><\/p>\n<p>Nale\u017cy pami\u0119ta\u0107, \u017ce je\u015bli nie wrazisz zgody na dzia\u0142anie plik\u00f3w cookies, nie b\u0119dziesz w stanie w pe\u0142ni korzysta\u0107 z niekt\u00f3rych element\u00f3w Portalu np. nie b\u0119dziesz m\u00f3g\u0142 korzysta\u0107 z funkcji personalizacji Portalu.<\/p>\n<p>Pami\u0119taj o skonfigurowaniu wszystkich przegl\u0105darek na r\u00f3\u017cnych urz\u0105dzeniach (tabletach, smartfonach, komputerach). Istniej\u0105 r\u00f3\u017cne sposoby konfigurowania przegl\u0105darek, dlatego nale\u017cy zapozna\u0107 si\u0119 z sekcj\u0105 \u201ePomoc\u201d u\u017cywanej przegl\u0105darki, aby dowiedzie\u0107 si\u0119, jak j\u0105 skonfigurowa\u0107 i skorzysta\u0107 z dost\u0119pnych opcji.<\/p>\n<p>Sposoby konfigurowania ustawie\u0144 dotycz\u0105cych plik\u00f3w cookies w poszczeg\u00f3lnych wyszukiwarkach mo\u017cna znale\u017a\u0107<br \/>\nm. in. pod adresami:<br \/>\na) Google Chrome: <a href=\"http:\/\/support.google.com\/chrome\/bin\/answer.py?hl=pl&amp;answer=95647\" rel=\"noopener\">http:\/\/support.google.com\/chrome\/bin\/answer.py?hl=pl&amp;answer=95647<\/a>;<br \/>\nb) Mozilla Firefox:<a href=\"http:\/\/support.mozilla.org\/pl\/kb\/usuwanie-ciasteczek\" rel=\"noopener\"> http:\/\/support.mozilla.org\/pl\/kb\/usuwanie-ciasteczek<\/a>;<br \/>\nc) Microsoft Internet Explorer: <a href=\"http:\/\/support.microsoft.com\/kb\/278835\/pl\" rel=\"noopener\">http:\/\/support.microsoft.com\/kb\/278835\/pl<\/a>;<br \/>\nd) Microsoft Edge: <a href=\"https:\/\/support.microsoft.com\/pl-pl\/microsoft-edge\/usuwanie-plik%C3%B3w-cookie-wprzegl%C4%85darce-microsoft-edge-63947406-40ac-c3b8-57b9-2a946a29ae09\" rel=\"noopener\">https:\/\/support.microsoft.com\/pl-pl\/microsoft-edge\/usuwanie-plik%C3%B3w-cookie-wprzegl%C4%85darce-microsoft-edge-63947406-40ac-c3b8-57b9-2a946a29ae09<\/a><\/p>\n<p>Masz r\u00f3wnie\u017c mo\u017cliwo\u015b\u0107 wy\u0142\u0105czenia nast\u0119puj\u0105cych plik\u00f3w cookies:<br \/>\na) Mo\u017cesz wy\u0142\u0105czy\u0107 pliki cookie \u201eGoogle Analytics\u201d, pobieraj\u0105c modu\u0142 dost\u0119pny pod adresem: <a href=\"https:\/\/tools.google.com\/dlpage\/gaoptout\/\" rel=\"noopener\">https:\/\/tools.google.com\/dlpage\/gaoptout\/<\/a><br \/>\nb) Mo\u017cesz wy\u0142\u0105czy\u0107 Insight Tag of LinkedIn, modyfikuj\u0105c ustawienia u\u017cytkownika na stronie LinkedIn: <a href=\"https:\/\/www.linkedin.com\/psettings\/\" rel=\"noopener\">https:\/\/www.linkedin.com\/psettings\/<\/a><\/p>\n<p><strong>7. Zmiany w Polityce prywatno\u015bci<\/strong><\/p>\n<p>W celu zapewnienia, i\u017c Polityka prywatno\u015bci Portalu spe\u0142nia przez ca\u0142y czas aktualne wymogi na\u0142o\u017cone w<br \/>\nprzepisach prawa, zastrzegamy sobie prawo do wnoszenia do niej zmian w dowolnym czasie. Powy\u017csze ma<br \/>\nr\u00f3wnie\u017c zastosowanie w przypadkach, gdy Polityka prywatno\u015bci wymaga zmian w celu obj\u0119cia ni\u0105 nowych lub<br \/>\nzmienionych produkt\u00f3w lub us\u0142ug Portalu.<\/p>\n","protected":false},"excerpt":{"rendered":"Poni\u017csza Polityka Prywatno\u015bci opisuje kwestie zwi\u0105zane z korzystaniem z portalu https:\/\/tss.black\/ (dalej jako: \u201ePortal\u201d). Naszym celem jest (&#8230;).","protected":false},"author":6,"featured_media":0,"parent":0,"menu_order":0,"comment_status":"closed","ping_status":"closed","template":"","meta":{"rank_math_lock_modified_date":false,"inline_featured_image":false,"footnotes":""},"class_list":["post-1465","page","type-page","status-publish","hentry"],"acf":[],"_links":{"self":[{"href":"https:\/\/tss.black\/pl\/wp-json\/wp\/v2\/pages\/1465"}],"collection":[{"href":"https:\/\/tss.black\/pl\/wp-json\/wp\/v2\/pages"}],"about":[{"href":"https:\/\/tss.black\/pl\/wp-json\/wp\/v2\/types\/page"}],"author":[{"embeddable":true,"href":"https:\/\/tss.black\/pl\/wp-json\/wp\/v2\/users\/6"}],"replies":[{"embeddable":true,"href":"https:\/\/tss.black\/pl\/wp-json\/wp\/v2\/comments?post=1465"}],"version-history":[{"count":2,"href":"https:\/\/tss.black\/pl\/wp-json\/wp\/v2\/pages\/1465\/revisions"}],"predecessor-version":[{"id":1468,"href":"https:\/\/tss.black\/pl\/wp-json\/wp\/v2\/pages\/1465\/revisions\/1468"}],"wp:attachment":[{"href":"https:\/\/tss.black\/pl\/wp-json\/wp\/v2\/media?parent=1465"}],"curies":[{"name":"wp","href":"https:\/\/api.w.org\/{rel}","templated":true}]}}