{"id":1461,"date":"2024-08-28T15:12:40","date_gmt":"2024-08-28T13:12:40","guid":{"rendered":"https:\/\/tss.black\/obowiazek-informacyjny\/"},"modified":"2024-08-28T15:15:25","modified_gmt":"2024-08-28T13:15:25","slug":"obowiazek-informacyjny","status":"publish","type":"page","link":"https:\/\/tss.black\/pl\/obowiazek-informacyjny\/","title":{"rendered":"Obowi\u0105zek informacyjny"},"content":{"rendered":"<p><b><i><span class=\"x_733864672font\"><span class=\"x_733864672size\">1.\u00a0\u00a0\u00a0\u00a0\u00a0\u00a0\u00a0\u00a0<\/span><\/span><\/i><\/b><u><\/u><i><span class=\"x_733864672font\"><span class=\"x_733864672size\">Administratorem Pa\u0144stwa danych osobowych, czyli podmiotem decyduj\u0105cym o tym, jak b\u0119d\u0105 wykorzystywane Pa\u0144stwa dane osobowe jest Trusted Software Services Sp. z o.o. z siedzib\u0105 w Warszawie (00-876), ul. Ogrodowa 58, KRS: 0000797269, zwana dalej \u201eSp\u00f3\u0142k\u0105\u201d.<u><\/u><u><\/u><\/span><\/span><\/i><\/p>\n<p><u><\/u><b><i><span class=\"x_733864672font\"><span class=\"x_733864672size\">2.\u00a0\u00a0\u00a0\u00a0\u00a0\u00a0\u00a0\u00a0<\/span><\/span><\/i><\/b><u><\/u><i><span class=\"x_733864672font\"><span class=\"x_733864672size\">Pa\u0144stwa dane b\u0119d\u0105 przetwarzane w celu przes\u0142ania informacji handlowych i marketingowych na podany przez Pa\u0144stwa adres e-mail na podstawie udzielonej zgody (art. 6 ust. 1 lit. a RODO) lub podj\u0119cia dzia\u0142a\u0144 maj\u0105cych na celu nawi\u0105zanie ewentualnej wsp\u00f3\u0142pracy (art. 6 ust. 1 lit. b RODO). Ponadto, Sp\u00f3\u0142ka mo\u017ce przetwarza\u0107 Pa\u0144stwa dane niezb\u0119dne do cel\u00f3w wynikaj\u0105cych z prawnie uzasadnionych interes\u00f3w administratora (art. 6 ust. 1 lit. f RODO) tzn. celem dochodzenia ewentualnych roszcze\u0144 (kt\u00f3rejkolwiek ze stron).<u><\/u><u><\/u><\/span><\/span><\/i><\/p>\n<p><u><\/u><b><i><span class=\"x_733864672font\"><span class=\"x_733864672size\">3.\u00a0\u00a0\u00a0\u00a0\u00a0\u00a0\u00a0\u00a0<\/span><\/span><\/i><\/b><u><\/u><i><span class=\"x_733864672font\"><span class=\"x_733864672size\">Pa\u0144stwa dane pozyskane w celu zawarcia umowy przechowujemy przez okres niezb\u0119dny do jej realizacji. W przypadku danych przetwarzanych na podstawie uzasadnionego interesu Administratora, okres ich przetwarzania jest ograniczony do czasu, w kt\u00f3rym mo\u017cliwe jest zg\u0142oszenie ewentualnych roszcze\u0144. W przypadku gdy przetwarzanie odbywa si\u0119 w oparciu o zgod\u0119, Pa\u0144stwa dane osobowe b\u0119d\u0105 przetwarzane maksymalnie do czasu jej cofni\u0119cia.<u><\/u><u><\/u><\/span><\/span><\/i><\/p>\n<p><u><\/u><b><i><span class=\"x_733864672font\"><span class=\"x_733864672size\">4.\u00a0\u00a0\u00a0\u00a0\u00a0\u00a0\u00a0\u00a0<\/span><\/span><\/i><\/b><u><\/u><i><span class=\"x_733864672font\"><span class=\"x_733864672size\">Dost\u0119p do danych osobowych b\u0119dzie przys\u0142ugiwa\u0142 upowa\u017cnionym pracownikom Sp\u00f3\u0142ki, wsp\u00f3\u0142pracownikom, a tak\u017ce dostawcom us\u0142ug, z kt\u00f3rych korzysta Sp\u00f3\u0142ka (np. us\u0142ugi informatyczne, marketingowe itp.).<u><\/u><u><\/u><\/span><\/span><\/i><\/p>\n<p><u><\/u><b><i><span class=\"x_733864672font\"><span class=\"x_733864672size\">5.\u00a0\u00a0\u00a0\u00a0\u00a0\u00a0\u00a0\u00a0<\/span><\/span><\/i><\/b><u><\/u><i><span class=\"x_733864672font\"><span class=\"x_733864672size\">Przys\u0142uguje Pa\u0144stwu prawo dost\u0119pu do danych osobowych oraz ich sprostowania, usuni\u0119cia lub ograniczenia przetwarzania oraz prawo do przenoszenia danych.<u><\/u><u><\/u><\/span><\/span><\/i><\/p>\n<p><u><\/u><b><i><span class=\"x_733864672font\"><span class=\"x_733864672size\">6.\u00a0\u00a0\u00a0\u00a0\u00a0\u00a0\u00a0\u00a0<\/span><\/span><\/i><\/b><u><\/u><i><span class=\"x_733864672font\"><span class=\"x_733864672size\">Maj\u0105 Pa\u0144stwo prawo do wycofania wyra\u017conej zgody w dowolnym momencie, bez wp\u0142ywu na zgodno\u015b\u0107 z prawem przetwarzania, kt\u00f3rego dokonano na podstawie ww. zgody przed jej wycofaniem.<u><\/u><u><\/u><\/span><\/span><\/i><\/p>\n<p><u><\/u><b><i><span class=\"x_733864672font\"><span class=\"x_733864672size\">7.\u00a0\u00a0\u00a0\u00a0\u00a0\u00a0\u00a0\u00a0<\/span><\/span><\/i><\/b><u><\/u><i><span class=\"x_733864672font\"><span class=\"x_733864672size\">W przypadku przetwarzania przez nas danych osobowych w oparciu o prawnie uzasadniony cel, posiadaj\u0105 Pa\u0144stwo prawo wniesienia sprzeciwu z przyczyn zwi\u0105zanych z Pa\u0144stwa szczeg\u00f3ln\u0105 sytuacj\u0105. Je\u017celi skorzystaj\u0105 Pa\u0144stwo z tego prawa, zaprzestaniemy przetwarzania danych w tym celu, chyba \u017ce wyka\u017cemy istnienie wa\u017cnych prawnie uzasadnionych podstaw do przetwarzania, nadrz\u0119dnych wobec Pa\u0144stwa interes\u00f3w, praw i wolno\u015bci lub podstaw do ustalenia, dochodzenia lub obrony roszcze\u0144.<u><\/u><u><\/u><\/span><\/span><\/i><\/p>\n<p><u><\/u><b><i><span class=\"x_733864672font\"><span class=\"x_733864672size\">8.\u00a0\u00a0\u00a0\u00a0\u00a0\u00a0\u00a0\u00a0<\/span><\/span><\/i><\/b><u><\/u><i><span class=\"x_733864672font\"><span class=\"x_733864672size\">Podanie danych osobowych jest dobrowolne, jednak niezb\u0119dne do zawarcia umowy, a w kolejnym etapie do jej realizacji lub do przekazania Pa\u0144stwu informacji handlowych i marketingowych.<u><\/u><u><\/u><\/span><\/span><\/i><\/p>\n<p><u><\/u><b><i><span class=\"x_733864672font\"><span class=\"x_733864672size\">9.\u00a0\u00a0\u00a0\u00a0\u00a0\u00a0\u00a0\u00a0<\/span><\/span><\/i><\/b><u><\/u><i><span class=\"x_733864672font\"><span class=\"x_733864672size\">W oparciu o dane osobowe nie b\u0119d\u0105 podejmowane \u017cadne zautomatyzowane decyzje, w tym nie b\u0119d\u0105 podlega\u0142y profilowaniu.<u><\/u><u><\/u><\/span><\/span><\/i><\/p>\n<p><u><\/u><b><i><span class=\"x_733864672font\"><span class=\"x_733864672size\">10.\u00a0\u00a0\u00a0\u00a0\u00a0\u00a0<\/span><\/span><\/i><\/b><u><\/u><i><span class=\"x_733864672font\"><span class=\"x_733864672size\">Przys\u0142uguje Pa\u0144stwu skarga do organu nadzorczego \u2013 Prezesa Urz\u0119du Ochrony Danych Osobowych.<u><\/u><u><\/u><\/span><\/span><\/i><\/p>\n<p><u><\/u><b><i><span class=\"x_733864672font\"><span class=\"x_733864672size\">11.\u00a0\u00a0\u00a0\u00a0\u00a0\u00a0<\/span><\/span><\/i><\/b><u><\/u><i><span class=\"x_733864672font\"><span class=\"x_733864672size\">Wszelkie pytania oraz \u017c\u0105dania dotycz\u0105ce ochrony danych osobowych mog\u0105 Pa\u0144stwo zg\u0142asza\u0107 na adres mailowy:\u00a0<a href=\"mailto:administration@tss.black\" target=\"_blank\" rel=\"noopener\">administration@tss.black<\/a>.<\/span><\/span><\/i><\/p>\n","protected":false},"excerpt":{"rendered":"1.\u00a0\u00a0\u00a0\u00a0\u00a0\u00a0\u00a0\u00a0Administratorem Pa\u0144stwa danych osobowych, czyli podmiotem decyduj\u0105cym o tym, jak b\u0119d\u0105 wykorzystywane Pa\u0144stwa dane osobowe jest Trusted (&#8230;).","protected":false},"author":6,"featured_media":0,"parent":0,"menu_order":0,"comment_status":"closed","ping_status":"closed","template":"","meta":{"rank_math_lock_modified_date":false,"inline_featured_image":false,"footnotes":""},"class_list":["post-1461","page","type-page","status-publish","hentry"],"acf":[],"_links":{"self":[{"href":"https:\/\/tss.black\/pl\/wp-json\/wp\/v2\/pages\/1461"}],"collection":[{"href":"https:\/\/tss.black\/pl\/wp-json\/wp\/v2\/pages"}],"about":[{"href":"https:\/\/tss.black\/pl\/wp-json\/wp\/v2\/types\/page"}],"author":[{"embeddable":true,"href":"https:\/\/tss.black\/pl\/wp-json\/wp\/v2\/users\/6"}],"replies":[{"embeddable":true,"href":"https:\/\/tss.black\/pl\/wp-json\/wp\/v2\/comments?post=1461"}],"version-history":[{"count":1,"href":"https:\/\/tss.black\/pl\/wp-json\/wp\/v2\/pages\/1461\/revisions"}],"predecessor-version":[{"id":1462,"href":"https:\/\/tss.black\/pl\/wp-json\/wp\/v2\/pages\/1461\/revisions\/1462"}],"wp:attachment":[{"href":"https:\/\/tss.black\/pl\/wp-json\/wp\/v2\/media?parent=1461"}],"curies":[{"name":"wp","href":"https:\/\/api.w.org\/{rel}","templated":true}]}}